{"id":283,"date":"2025-02-04T13:56:35","date_gmt":"2025-02-04T12:56:35","guid":{"rendered":"https:\/\/hausmeisterservice-rimbu.de\/?page_id=283"},"modified":"2025-02-04T13:56:35","modified_gmt":"2025-02-04T12:56:35","slug":"winterdienst","status":"publish","type":"page","link":"https:\/\/hausmeisterservice-rimbu.de\/?page_id=283","title":{"rendered":"Winterdienst"},"content":{"rendered":"\n<p>&#8211; Professionell und zuverl\u00e4ssig befreien wir Ihre Parkpl\u00e4tze, B\u00fcrgersteige, Gehwege, H\u00f6fe, Hauseing\u00e4nge, H\u00f6fe und Garageneinfahrten oder sonstige Gro\u00dffl\u00e4chen im Au\u00dfenbereich bei Bedarf von Schnee und Eis.<\/p>\n\n\n\n<p>&#8211; Schnee und Eisbeseitigung \/ Schneer\u00e4umung<\/p>\n\n\n\n<p>&#8211; Glatteis bek\u00e4mpfen.<\/p>\n\n\n\n<p>&#8211; Streudienste mit abstumpfenden Mitteln (Kies, Sand, Splitt, Granulat und Salz)<\/p>\n\n\n\n<p>&#8211; Schneebeseitigung min. 1 x t\u00e4glich nach Bedarf<\/p>\n\n\n\n<p>&#8211; Entfernen des Streugutes<\/p>\n","protected":false},"excerpt":{"rendered":"<p>&#8211; Professionell und zuverl\u00e4ssig befreien wir Ihre Parkpl\u00e4tze, B\u00fcrgersteige, Gehwege, H\u00f6fe, Hauseing\u00e4nge, H\u00f6fe und Garageneinfahrten oder sonstige Gro\u00dffl\u00e4chen im Au\u00dfenbereich bei Bedarf von Schnee und Eis. &#8211; Schnee und Eisbeseitigung \/ Schneer\u00e4umung &#8211; Glatteis bek\u00e4mpfen. &#8211; Streudienste mit abstumpfenden Mitteln (Kies, Sand, Splitt, Granulat und Salz) &#8211; Schneebeseitigung min. 1 x t\u00e4glich nach Bedarf &#8211; &hellip; <\/p>\n<p class=\"link-more\"><a href=\"https:\/\/hausmeisterservice-rimbu.de\/?page_id=283\" class=\"more-link\">Continue reading<span class=\"screen-reader-text\"> &#8222;Winterdienst&#8220;<\/span><\/a><\/p>\n","protected":false},"author":1,"featured_media":0,"parent":0,"menu_order":0,"comment_status":"closed","ping_status":"closed","template":"","meta":{"footnotes":""},"class_list":["post-283","page","type-page","status-publish","hentry"],"_links":{"self":[{"href":"https:\/\/hausmeisterservice-rimbu.de\/index.php?rest_route=\/wp\/v2\/pages\/283","targetHints":{"allow":["GET"]}}],"collection":[{"href":"https:\/\/hausmeisterservice-rimbu.de\/index.php?rest_route=\/wp\/v2\/pages"}],"about":[{"href":"https:\/\/hausmeisterservice-rimbu.de\/index.php?rest_route=\/wp\/v2\/types\/page"}],"author":[{"embeddable":true,"href":"https:\/\/hausmeisterservice-rimbu.de\/index.php?rest_route=\/wp\/v2\/users\/1"}],"replies":[{"embeddable":true,"href":"https:\/\/hausmeisterservice-rimbu.de\/index.php?rest_route=%2Fwp%2Fv2%2Fcomments&post=283"}],"version-history":[{"count":1,"href":"https:\/\/hausmeisterservice-rimbu.de\/index.php?rest_route=\/wp\/v2\/pages\/283\/revisions"}],"predecessor-version":[{"id":284,"href":"https:\/\/hausmeisterservice-rimbu.de\/index.php?rest_route=\/wp\/v2\/pages\/283\/revisions\/284"}],"wp:attachment":[{"href":"https:\/\/hausmeisterservice-rimbu.de\/index.php?rest_route=%2Fwp%2Fv2%2Fmedia&parent=283"}],"curies":[{"name":"wp","href":"https:\/\/api.w.org\/{rel}","templated":true}]}}