{"id":269,"date":"2025-02-04T13:45:49","date_gmt":"2025-02-04T12:45:49","guid":{"rendered":"https:\/\/hausmeisterservice-rimbu.de\/?page_id=269"},"modified":"2025-02-04T13:45:49","modified_gmt":"2025-02-04T12:45:49","slug":"kleinumzuege","status":"publish","type":"page","link":"https:\/\/hausmeisterservice-rimbu.de\/?page_id=269","title":{"rendered":"Kleinumz\u00fcge"},"content":{"rendered":"\n<p>&#8211; Kleinumzug, inkl. Beladung und Endladung, Emballieren des Mobiliars mit Verpackungsmaterial, inkl. Gefahrene km, An &amp; Abfahrt zum Umzugstermin, Spritgeld, M\u00f6beldemontage und Montage, Versicherung und Altm\u00f6belentsorgung.<\/p>\n\n\n\n<p>&#8211; Entr\u00fcmpelung, Aufr\u00e4umarbeiten, Haushaltaufl\u00f6sung.<\/p>\n\n\n\n<p>Auf Wunsch \u00fcbernehmen wir auch die Renovierung und Endreinigung der Objekte<\/p>\n","protected":false},"excerpt":{"rendered":"<p>&#8211; Kleinumzug, inkl. Beladung und Endladung, Emballieren des Mobiliars mit Verpackungsmaterial, inkl. Gefahrene km, An &amp; Abfahrt zum Umzugstermin, Spritgeld, M\u00f6beldemontage und Montage, Versicherung und Altm\u00f6belentsorgung. &#8211; Entr\u00fcmpelung, Aufr\u00e4umarbeiten, Haushaltaufl\u00f6sung. Auf Wunsch \u00fcbernehmen wir auch die Renovierung und Endreinigung der Objekte<\/p>\n","protected":false},"author":1,"featured_media":0,"parent":0,"menu_order":0,"comment_status":"closed","ping_status":"closed","template":"","meta":{"footnotes":""},"class_list":["post-269","page","type-page","status-publish","hentry"],"_links":{"self":[{"href":"https:\/\/hausmeisterservice-rimbu.de\/index.php?rest_route=\/wp\/v2\/pages\/269","targetHints":{"allow":["GET"]}}],"collection":[{"href":"https:\/\/hausmeisterservice-rimbu.de\/index.php?rest_route=\/wp\/v2\/pages"}],"about":[{"href":"https:\/\/hausmeisterservice-rimbu.de\/index.php?rest_route=\/wp\/v2\/types\/page"}],"author":[{"embeddable":true,"href":"https:\/\/hausmeisterservice-rimbu.de\/index.php?rest_route=\/wp\/v2\/users\/1"}],"replies":[{"embeddable":true,"href":"https:\/\/hausmeisterservice-rimbu.de\/index.php?rest_route=%2Fwp%2Fv2%2Fcomments&post=269"}],"version-history":[{"count":1,"href":"https:\/\/hausmeisterservice-rimbu.de\/index.php?rest_route=\/wp\/v2\/pages\/269\/revisions"}],"predecessor-version":[{"id":270,"href":"https:\/\/hausmeisterservice-rimbu.de\/index.php?rest_route=\/wp\/v2\/pages\/269\/revisions\/270"}],"wp:attachment":[{"href":"https:\/\/hausmeisterservice-rimbu.de\/index.php?rest_route=%2Fwp%2Fv2%2Fmedia&parent=269"}],"curies":[{"name":"wp","href":"https:\/\/api.w.org\/{rel}","templated":true}]}}