{"id":2,"date":"2023-05-02T15:23:08","date_gmt":"2023-05-02T13:23:08","guid":{"rendered":"http:\/\/hausmeisterservice-rimbu.de\/?page_id=2"},"modified":"2025-02-04T11:52:48","modified_gmt":"2025-02-04T10:52:48","slug":"beispiel-seite","status":"publish","type":"page","link":"https:\/\/hausmeisterservice-rimbu.de\/?page_id=2","title":{"rendered":"\u00dcber Uns"},"content":{"rendered":"\n<p><strong><strong>Sehr geehrte Damen und Herren,<\/strong><\/strong><\/p>\n\n\n\n<p>Gr\u00fc\u00df Gott und herzlich willkommen bei Hausmeisterservice Adrian Rimbu ich freue mich, Sie als neue potentielle Kunden\u00a0 begr\u00fc\u00dfen zu d\u00fcrfen!Der Hausmeisterservice Adrian Rimbu als junges dynamisches Unternehmen bietet seine Dienste in Berg und Umland flexibel und kundennah an. <\/p>\n\n\n\n<p>Die Spezialisierung liegt auf den Bereich Hausmeisterservice und Geb\u00e4udemanagement. Unser Kerngesch\u00e4ft ist der klassische Hausmeisterservice und Instandhaltung der Geb\u00e4ude und Immobilien. Mit 20 Jahren Berufserfahrung in den verschiedensten Teilbereichen des Baugewerbes und Bauhandwerks und meine Ausbildung als Ingenieur f\u00fcr Holzverarbeitung f\u00fchle ich mich und meine Team f\u00fcr diese Aufgabe sehr gut vorbereitet. Gerne m\u00f6chten wir f\u00fcr Ihre private und gewerbliche Immobilie der kompetenter und freundlicher Ansprechpartner zu sein. Sprechen Sie uns an &#8211; wir beraten Sie gern. Da ich nicht nur Respekt vor anderen Eigentum besitze, sondern auch selbst \u00fcber ein gesundes Ma\u00df an Sicherheitsbed\u00fcrfnis verf\u00fcge, bin ich sicher, als Hausmeister korrekte Arbeit leisten zu k\u00f6nnen.Unser Hausmeisterservice Team wei\u00df wie wichtig ein Sauberes Umfeld sein muss. Ein Sauberes B\u00fcro oder ein Sauberes Objekt erwecken nicht nur bei den Besuchern einen guten Eindruck und eine gem\u00fctliche Atmosph\u00e4re, sondern auch bei den angestellten oder Mietern im Hause. Mit unserem Individuellen Hausmeister Service sorgen wir nicht nur f\u00fcr Regelm\u00e4\u00dfige und Anhaltende Sauberkeit sondern halten Ihre Immobilie auch Technisch im einwandfreien Zustand.<\/p>\n\n\n\n<p>Gerne wir kommen zu Ihnen um gemeinsam Ihre Vorstellungen zu besprechen. Sie bekommen von uns ein kostenfreies und unverbindliches Angebot.<\/p>\n\n\n\n<p>Mit freundlichen Gr\u00fc\u00dfen<\/p>\n\n\n\n<p>Adrian\u00a0 Rimbu<\/p>\n","protected":false},"excerpt":{"rendered":"<p>Sehr geehrte Damen und Herren, Gr\u00fc\u00df Gott und herzlich willkommen bei Hausmeisterservice Adrian Rimbu ich freue mich, Sie als neue potentielle Kunden\u00a0 begr\u00fc\u00dfen zu d\u00fcrfen!Der Hausmeisterservice Adrian Rimbu als junges dynamisches Unternehmen bietet seine Dienste in Berg und Umland flexibel und kundennah an. Die Spezialisierung liegt auf den Bereich Hausmeisterservice und Geb\u00e4udemanagement. Unser Kerngesch\u00e4ft ist &hellip; <\/p>\n<p class=\"link-more\"><a href=\"https:\/\/hausmeisterservice-rimbu.de\/?page_id=2\" class=\"more-link\">Continue reading<span class=\"screen-reader-text\"> &#8222;\u00dcber Uns&#8220;<\/span><\/a><\/p>\n","protected":false},"author":1,"featured_media":0,"parent":0,"menu_order":0,"comment_status":"closed","ping_status":"open","template":"","meta":{"footnotes":""},"class_list":["post-2","page","type-page","status-publish","hentry"],"_links":{"self":[{"href":"https:\/\/hausmeisterservice-rimbu.de\/index.php?rest_route=\/wp\/v2\/pages\/2","targetHints":{"allow":["GET"]}}],"collection":[{"href":"https:\/\/hausmeisterservice-rimbu.de\/index.php?rest_route=\/wp\/v2\/pages"}],"about":[{"href":"https:\/\/hausmeisterservice-rimbu.de\/index.php?rest_route=\/wp\/v2\/types\/page"}],"author":[{"embeddable":true,"href":"https:\/\/hausmeisterservice-rimbu.de\/index.php?rest_route=\/wp\/v2\/users\/1"}],"replies":[{"embeddable":true,"href":"https:\/\/hausmeisterservice-rimbu.de\/index.php?rest_route=%2Fwp%2Fv2%2Fcomments&post=2"}],"version-history":[{"count":2,"href":"https:\/\/hausmeisterservice-rimbu.de\/index.php?rest_route=\/wp\/v2\/pages\/2\/revisions"}],"predecessor-version":[{"id":250,"href":"https:\/\/hausmeisterservice-rimbu.de\/index.php?rest_route=\/wp\/v2\/pages\/2\/revisions\/250"}],"wp:attachment":[{"href":"https:\/\/hausmeisterservice-rimbu.de\/index.php?rest_route=%2Fwp%2Fv2%2Fmedia&parent=2"}],"curies":[{"name":"wp","href":"https:\/\/api.w.org\/{rel}","templated":true}]}}